{"id":65,"date":"2025-06-23T14:41:51","date_gmt":"2025-06-23T14:41:51","guid":{"rendered":"https:\/\/i-estatefrance.com\/?page_id=65"},"modified":"2026-01-19T21:41:00","modified_gmt":"2026-01-19T21:41:00","slug":"home-2","status":"publish","type":"page","link":"https:\/\/i-estatefrance.com\/?page_id=65","title":{"rendered":"HOME_French"},"content":{"rendered":"<p>[et_pb_section fb_built=&#8221;1&#8243; _builder_version=&#8221;4.27.4&#8243; _module_preset=&#8221;default&#8221; background_enable_color=&#8221;off&#8221; background_image=&#8221;https:\/\/i-estatefrance.com\/wp-content\/uploads\/2025\/06\/BACK_02.jpg&#8221; background_blend=&#8221;multiply&#8221; height_tablet=&#8221;100vh&#8221; height_phone=&#8221;&#8221; height_last_edited=&#8221;on|desktop&#8221; mix_blend_mode=&#8221;multiply&#8221; locked=&#8221;off&#8221; global_colors_info=&#8221;{}&#8221;][et_pb_row disabled_on=&#8221;on|on|on&#8221; _builder_version=&#8221;4.27.4&#8243; _module_preset=&#8221;default&#8221; vertical_offset=&#8221;0px&#8221; horizontal_offset=&#8221;0px&#8221; module_alignment=&#8221;right&#8221; min_height=&#8221;347px&#8221; max_height=&#8221;193px&#8221; custom_margin=&#8221;0px||-500px||false|false&#8221; custom_padding=&#8221;0px||0px||false|false&#8221; disabled=&#8221;on&#8221; global_colors_info=&#8221;{}&#8221;][et_pb_column type=&#8221;4_4&#8243; _builder_version=&#8221;4.27.4&#8243; _module_preset=&#8221;default&#8221; global_colors_info=&#8221;{}&#8221;][et_pb_blurb _builder_version=&#8221;4.27.4&#8243; _module_preset=&#8221;default&#8221; text_orientation=&#8221;right&#8221; background_layout=&#8221;dark&#8221; custom_margin=&#8221;0px||0px||false|false&#8221; custom_padding=&#8221;0px||0px||false|false&#8221; global_colors_info=&#8221;{}&#8221;]<\/p>\n<p>Fr \/ Eng<\/p>\n<p>[\/et_pb_blurb][\/et_pb_column][\/et_pb_row][et_pb_row _builder_version=&#8221;4.27.4&#8243; _module_preset=&#8221;default&#8221; custom_margin=&#8221;0px||||false|false&#8221; custom_padding=&#8221;||||false|false&#8221; global_colors_info=&#8221;{}&#8221;][et_pb_column type=&#8221;4_4&#8243; _builder_version=&#8221;4.27.4&#8243; _module_preset=&#8221;default&#8221; global_colors_info=&#8221;{}&#8221;][et_pb_blurb _builder_version=&#8221;4.27.4&#8243; _module_preset=&#8221;default&#8221; text_orientation=&#8221;right&#8221; background_layout=&#8221;dark&#8221; custom_margin=&#8221;0px||0px||false|false&#8221; custom_padding=&#8221;0px||0px||false|false&#8221; hover_enabled=&#8221;0&#8243; global_colors_info=&#8221;{}&#8221; sticky_enabled=&#8221;0&#8243;]<strong><a href=\"https:\/\/i-estatefrance.com\/?page_id=65\">Fr<\/a><\/strong> \/ <a href=\"https:\/\/i-estatefrance.com\/?page_id=135\"><u>Eng<\/u><\/a>[\/et_pb_blurb][et_pb_blurb image=&#8221;https:\/\/i-estatefrance.com\/wp-content\/uploads\/2025\/06\/i-EstateGroup_Logo_WHITE_2-e1750692933562.png&#8221; content_max_width=&#8221;650px&#8221; _builder_version=&#8221;4.27.4&#8243; _module_preset=&#8221;default&#8221; header_text_align=&#8221;center&#8221; header_text_color=&#8221;#FFFFFF&#8221; header_font_size=&#8221;32px&#8221; body_text_align=&#8221;justify&#8221; body_text_color=&#8221;#dbdbdb&#8221; body_font_size=&#8221;15px&#8221; body_line_height=&#8221;1.8em&#8221; position_origin_a=&#8221;center_center&#8221; position_origin_f=&#8221;center_center&#8221; text_orientation=&#8221;justified&#8221; background_layout=&#8221;dark&#8221; width=&#8221;100%&#8221; custom_margin=&#8221;20%||||false|false&#8221; custom_margin_tablet=&#8221;20%||||false|false&#8221; custom_margin_phone=&#8221;5%||||false|false&#8221; custom_margin_last_edited=&#8221;on|phone&#8221; animation_style=&#8221;fade&#8221; animation_duration=&#8221;750ms&#8221; animation_delay=&#8221;350ms&#8221; animation=&#8221;off&#8221; text_orientation_tablet=&#8221;justified&#8221; text_orientation_phone=&#8221;justified&#8221; text_orientation_last_edited=&#8221;on|phone&#8221; global_colors_info=&#8221;{}&#8221;]<\/p>\n<p class=\"p1\"><b><i>I ESTATE FRANCE<\/i><\/b><span class=\"Apple-converted-space\">\u00a0 <\/span>est une soci\u00e9t\u00e9 patrimoniale priv\u00e9e, bas\u00e9e en France.<\/p>\n<p class=\"p1\">Nous investissons notre propre capital dans <b>l\u2019immobilier fran\u00e7ais <\/b>et, de mani\u00e8re s\u00e9lective, dans des <b>entreprises cr\u00e9atrices<\/b> <b>de valeur<\/b>, avec une vision <b>long terme<\/b>, ind\u00e9pendante des cycles court-termistes.<\/p>\n<p class=\"p1\">L\u2019immobilier constitue le socle de notre strat\u00e9gie patrimoniale (Actifs r\u00e9sidentiel et actifs mixtes, opportunit\u00e9s \u00e0 fort potentiel de transformation et de valorisation, situations sp\u00e9ciales n\u00e9cessitant une approche active).<\/p>\n<p class=\"p1\">Objectif : <b>Pr\u00e9server et accro\u00eetre la valeur sur la dur\u00e9e<\/b>, avec une gestion rigoureuse du risque.<\/p>\n<p class=\"p1\">Nous prenons des participations majoritaires dans des entreprises et startups \u00e0 fort potentiel (Crit\u00e8res d\u2019investissement : mod\u00e8le \u00e9conomique clair, cr\u00e9ation de valeur tangible et mesurable, vision long terme des dirigeants, \u00e9quipe fondatrice engag\u00e9e).<\/p>\n<p class=\"p1\">Nous privil\u00e9gions les relations de confiance et l\u2019alignement capitalistique (Capital patient, vision strat\u00e9gique, d\u00e9cisions non contraintes par des horizons de sortie, implication strat\u00e9gique lorsque pertinente, discr\u00e9tion et confidentialit\u00e9).<\/p>\n<p class=\"p1\">Chaque investissement est \u00e9tudi\u00e9 au cas par cas de mani\u00e8re ind\u00e9pendante, avec une discipline d\u2019allocation stricte (Projets immobiliers en France, entreprises et startups cr\u00e9atrices de valeur, opportunit\u00e9s de rachat ou de co-investissement).<\/p>\n<p>[\/et_pb_blurb][et_pb_blurb image=&#8221;https:\/\/i-estatefrance.com\/wp-content\/uploads\/2025\/06\/i-EstateGroup_Logo_WHITE_2-e1750692933562.png&#8221; disabled_on=&#8221;on|on|on&#8221; _builder_version=&#8221;4.27.4&#8243; _module_preset=&#8221;default&#8221; header_text_align=&#8221;center&#8221; header_text_color=&#8221;#FFFFFF&#8221; header_font_size=&#8221;32px&#8221; body_text_align=&#8221;justify&#8221; body_text_color=&#8221;#dbdbdb&#8221; body_font_size=&#8221;15px&#8221; body_line_height=&#8221;1.8em&#8221; position_origin_a=&#8221;center_center&#8221; position_origin_f=&#8221;center_center&#8221; text_orientation=&#8221;justified&#8221; background_layout=&#8221;dark&#8221; width=&#8221;100%&#8221; custom_margin=&#8221;20%||||false|false&#8221; custom_margin_tablet=&#8221;20%||||false|false&#8221; custom_margin_phone=&#8221;5%||||false|false&#8221; custom_margin_last_edited=&#8221;on|phone&#8221; animation_style=&#8221;fade&#8221; animation_duration=&#8221;750ms&#8221; animation_delay=&#8221;350ms&#8221; animation=&#8221;off&#8221; text_orientation_tablet=&#8221;justified&#8221; text_orientation_phone=&#8221;justified&#8221; text_orientation_last_edited=&#8221;on|phone&#8221; disabled=&#8221;on&#8221; global_colors_info=&#8221;{}&#8221;]<\/p>\n<p>Lorem ipsum dolor sit amet, consectetur adipiscing elit. Quisque sed lobortis mauris. Nulla aliquam hendrerit sagittis. Quisque rhoncus finibus dolor. Aliquam diam libero, dictum vel aliquet a, viverra et leo. In hac habitasse platea dictumst. Aenean cursus, dui mollis suscipit viverra, sapien magna feugiat eros, nec tempor nibh eros in elit. Etiam efficitur interdum leo, id condimentum lacus mattis in. Etiam convallis mi sodales condimentum pellentesque. Curabitur efficitur nunc nec sapien facilisis, sed varius nulla efficitur. Pellentesque nec magna tincidunt, pulvinar velit vitae, maximus magna. Integer sit amet ultricies massa.<\/p>\n<p>[\/et_pb_blurb][et_pb_contact_form email=&#8221;france@I-estategroup.com&#8221; title=&#8221;CONTACTEZ NOUS&#8221; custom_message=&#8221;I-ESTATE FRANCE WEBSITE INQUIRY||et_pb_line_break_holder||||et_pb_line_break_holder||NAME: %%Name%%||et_pb_line_break_holder||EMAIL: %%Email%%||et_pb_line_break_holder||MESSAGE: %%Message%%&#8221; success_message=&#8221;MERCI POUR VOTRE MESSAGE. NOUS VOUS R\u00c9PONDRONS D\u00c8S QUE POSSIBLE.&#8221; submit_button_text=&#8221;ENVOYER&#8221; _builder_version=&#8221;4.27.4&#8243; _module_preset=&#8221;default&#8221; _unique_id=&#8221;40f049e2-17ef-4a17-bafb-4780caf20e05&#8243; form_field_custom_margin=&#8221;||50px||false|false&#8221; form_field_custom_padding=&#8221;||15px||false|false&#8221; title_level=&#8221;h4&#8243; title_text_color=&#8221;#FFFFFF&#8221; captcha_text_color=&#8221;#FFFFFF&#8221; custom_button=&#8221;on&#8221; button_text_size=&#8221;18px&#8221; button_text_color=&#8221;#606060&#8243; button_bg_color=&#8221;#ffffff&#8221; button_border_width=&#8221;0px&#8221; button_font=&#8221;|600|||||||&#8221; button_icon=&#8221;&#x24;||divi||400&#8243; width=&#8221;60%&#8221; width_tablet=&#8221;60%&#8221; width_phone=&#8221;100%&#8221; width_last_edited=&#8221;on|phone&#8221; module_alignment=&#8221;center&#8221; custom_margin=&#8221;50px||||false|false&#8221; custom_margin_tablet=&#8221;50px||||false|false&#8221; custom_margin_phone=&#8221;75px||||false|false&#8221; custom_margin_last_edited=&#8221;on|phone&#8221; animation_style=&#8221;fade&#8221; animation_duration=&#8221;750ms&#8221; animation_delay=&#8221;750ms&#8221; global_colors_info=&#8221;{}&#8221;][et_pb_contact_field field_id=&#8221;Name&#8221; field_title=&#8221;Nom&#8221; _builder_version=&#8221;4.27.4&#8243; global_colors_info=&#8221;{}&#8221; button_text_size__hover_enabled=&#8221;off&#8221; button_one_text_size__hover_enabled=&#8221;off&#8221; button_two_text_size__hover_enabled=&#8221;off&#8221; button_text_color__hover_enabled=&#8221;off&#8221; button_one_text_color__hover_enabled=&#8221;off&#8221; button_two_text_color__hover_enabled=&#8221;off&#8221; button_border_width__hover_enabled=&#8221;off&#8221; button_one_border_width__hover_enabled=&#8221;off&#8221; button_two_border_width__hover_enabled=&#8221;off&#8221; button_border_color__hover_enabled=&#8221;off&#8221; button_one_border_color__hover_enabled=&#8221;off&#8221; button_two_border_color__hover_enabled=&#8221;off&#8221; button_border_radius__hover_enabled=&#8221;off&#8221; button_one_border_radius__hover_enabled=&#8221;off&#8221; button_two_border_radius__hover_enabled=&#8221;off&#8221; button_letter_spacing__hover_enabled=&#8221;off&#8221; button_one_letter_spacing__hover_enabled=&#8221;off&#8221; button_two_letter_spacing__hover_enabled=&#8221;off&#8221; button_bg_color__hover_enabled=&#8221;off&#8221; button_one_bg_color__hover_enabled=&#8221;off&#8221; button_two_bg_color__hover_enabled=&#8221;off&#8221;][\/et_pb_contact_field][et_pb_contact_field field_id=&#8221;Email&#8221; field_title=&#8221;Adresse Email&#8221; field_type=&#8221;email&#8221; _builder_version=&#8221;4.27.4&#8243; global_colors_info=&#8221;{}&#8221; button_text_size__hover_enabled=&#8221;off&#8221; button_one_text_size__hover_enabled=&#8221;off&#8221; button_two_text_size__hover_enabled=&#8221;off&#8221; button_text_color__hover_enabled=&#8221;off&#8221; button_one_text_color__hover_enabled=&#8221;off&#8221; button_two_text_color__hover_enabled=&#8221;off&#8221; button_border_width__hover_enabled=&#8221;off&#8221; button_one_border_width__hover_enabled=&#8221;off&#8221; button_two_border_width__hover_enabled=&#8221;off&#8221; button_border_color__hover_enabled=&#8221;off&#8221; button_one_border_color__hover_enabled=&#8221;off&#8221; button_two_border_color__hover_enabled=&#8221;off&#8221; button_border_radius__hover_enabled=&#8221;off&#8221; button_one_border_radius__hover_enabled=&#8221;off&#8221; button_two_border_radius__hover_enabled=&#8221;off&#8221; button_letter_spacing__hover_enabled=&#8221;off&#8221; button_one_letter_spacing__hover_enabled=&#8221;off&#8221; button_two_letter_spacing__hover_enabled=&#8221;off&#8221; button_bg_color__hover_enabled=&#8221;off&#8221; button_one_bg_color__hover_enabled=&#8221;off&#8221; button_two_bg_color__hover_enabled=&#8221;off&#8221;][\/et_pb_contact_field][et_pb_contact_field field_id=&#8221;Message&#8221; field_title=&#8221;Message&#8221; field_type=&#8221;text&#8221; fullwidth_field=&#8221;on&#8221; _builder_version=&#8221;4.16&#8243; global_colors_info=&#8221;{}&#8221; button_text_size__hover_enabled=&#8221;off&#8221; button_one_text_size__hover_enabled=&#8221;off&#8221; button_two_text_size__hover_enabled=&#8221;off&#8221; button_text_color__hover_enabled=&#8221;off&#8221; button_one_text_color__hover_enabled=&#8221;off&#8221; button_two_text_color__hover_enabled=&#8221;off&#8221; button_border_width__hover_enabled=&#8221;off&#8221; button_one_border_width__hover_enabled=&#8221;off&#8221; button_two_border_width__hover_enabled=&#8221;off&#8221; button_border_color__hover_enabled=&#8221;off&#8221; button_one_border_color__hover_enabled=&#8221;off&#8221; button_two_border_color__hover_enabled=&#8221;off&#8221; button_border_radius__hover_enabled=&#8221;off&#8221; button_one_border_radius__hover_enabled=&#8221;off&#8221; button_two_border_radius__hover_enabled=&#8221;off&#8221; button_letter_spacing__hover_enabled=&#8221;off&#8221; button_one_letter_spacing__hover_enabled=&#8221;off&#8221; button_two_letter_spacing__hover_enabled=&#8221;off&#8221; button_bg_color__hover_enabled=&#8221;off&#8221; button_one_bg_color__hover_enabled=&#8221;off&#8221; button_two_bg_color__hover_enabled=&#8221;off&#8221;][\/et_pb_contact_field][\/et_pb_contact_form][et_pb_blurb _builder_version=&#8221;4.27.4&#8243; _module_preset=&#8221;default&#8221; body_text_align=&#8221;center&#8221; body_text_color=&#8221;#d8d8d8&#8243; positioning=&#8221;fixed&#8221; position_origin_a=&#8221;bottom_center&#8221; position_origin_f=&#8221;bottom_center&#8221; vertical_offset=&#8221;8px&#8221; position_origin_a_tablet=&#8221;bottom_center&#8221; position_origin_a_phone=&#8221;bottom_center&#8221; position_origin_a_last_edited=&#8221;on|tablet&#8221; position_origin_f_tablet=&#8221;bottom_center&#8221; position_origin_f_phone=&#8221;bottom_center&#8221; position_origin_f_last_edited=&#8221;on|tablet&#8221; position_origin_r_tablet=&#8221;&#8221; position_origin_r_phone=&#8221;&#8221; position_origin_r_last_edited=&#8221;on|desktop&#8221; width=&#8221;100%&#8221; custom_margin=&#8221;||||false|false&#8221; custom_margin_tablet=&#8221;||||false|false&#8221; custom_margin_phone=&#8221;60px||-60px||false|false&#8221; custom_margin_last_edited=&#8221;on|phone&#8221; sticky_position=&#8221;bottom&#8221; sticky_offset_bottom=&#8221;7px&#8221; sticky_limit_bottom=&#8221;body&#8221; positioning_tablet=&#8221;fixed&#8221; positioning_phone=&#8221;none&#8221; positioning_last_edited=&#8221;on|phone&#8221; sticky_position_tablet=&#8221;bottom&#8221; sticky_position_phone=&#8221;bottom&#8221; sticky_position_last_edited=&#8221;on|phone&#8221; global_colors_info=&#8221;{}&#8221;]<\/p>\n<p>\u00ae2026 \u2014 i-EstateGroup. All rights reserved.<\/p>\n<p>[\/et_pb_blurb][\/et_pb_column][\/et_pb_row][\/et_pb_section]<\/p>\n","protected":false},"excerpt":{"rendered":"<p>Fr \/ EngFr \/ EngI ESTATE FRANCE\u00a0 est une soci\u00e9t\u00e9 patrimoniale priv\u00e9e, bas\u00e9e en France. Nous investissons notre propre capital dans l\u2019immobilier fran\u00e7ais et, de mani\u00e8re s\u00e9lective, dans des entreprises cr\u00e9atrices de valeur, avec une vision long terme, ind\u00e9pendante des cycles court-termistes. L\u2019immobilier constitue le socle de notre strat\u00e9gie patrimoniale (Actifs r\u00e9sidentiel et actifs mixtes, [&hellip;]<\/p>\n","protected":false},"author":2,"featured_media":0,"parent":0,"menu_order":0,"comment_status":"closed","ping_status":"closed","template":"page-template-blank.php","meta":{"_et_pb_use_builder":"on","_et_pb_old_content":"","_et_gb_content_width":"","footnotes":""},"class_list":["post-65","page","type-page","status-publish","hentry"],"_links":{"self":[{"href":"https:\/\/i-estatefrance.com\/index.php?rest_route=\/wp\/v2\/pages\/65","targetHints":{"allow":["GET"]}}],"collection":[{"href":"https:\/\/i-estatefrance.com\/index.php?rest_route=\/wp\/v2\/pages"}],"about":[{"href":"https:\/\/i-estatefrance.com\/index.php?rest_route=\/wp\/v2\/types\/page"}],"author":[{"embeddable":true,"href":"https:\/\/i-estatefrance.com\/index.php?rest_route=\/wp\/v2\/users\/2"}],"replies":[{"embeddable":true,"href":"https:\/\/i-estatefrance.com\/index.php?rest_route=%2Fwp%2Fv2%2Fcomments&post=65"}],"version-history":[{"count":45,"href":"https:\/\/i-estatefrance.com\/index.php?rest_route=\/wp\/v2\/pages\/65\/revisions"}],"predecessor-version":[{"id":170,"href":"https:\/\/i-estatefrance.com\/index.php?rest_route=\/wp\/v2\/pages\/65\/revisions\/170"}],"wp:attachment":[{"href":"https:\/\/i-estatefrance.com\/index.php?rest_route=%2Fwp%2Fv2%2Fmedia&parent=65"}],"curies":[{"name":"wp","href":"https:\/\/api.w.org\/{rel}","templated":true}]}}